{"id":4651,"date":"2016-02-05T07:17:04","date_gmt":"2016-02-05T07:17:04","guid":{"rendered":"http:\/\/democontent.codex-themes.com\/thegem\/?page_id=4651"},"modified":"2024-01-22T14:03:04","modified_gmt":"2024-01-22T13:03:04","slug":"short-films","status":"publish","type":"page","link":"https:\/\/www.alexglawion.com\/de\/short-films\/","title":{"rendered":"Kurzfilme"},"content":{"rendered":"<p>[vc_row full_width=&#8220;stretch_row_content&#8220; equal_height=&#8220;yes&#8220; css=&#8220;.vc_custom_1455109115287{margin-bottom: 0px !important;}&#8220;][vc_column][vc_column_text]<\/p>\n<div style=\"color: #fff; font-size: 24px; text-align: center; margin-top: 50px !important; line-height: 1.5; max-width: 700px; margin: auto;\">Nebst Auftragsarbeiten aus der Industrie, erstelle ich in meiner Freizeit 3D-Animierten Kurzfilme. Diese eignen sich wunderbar zum Testen neuer Tools &amp; Workflows, und sch\u00e4rfen meine Storytelling Skills.<\/div>\n<p>[\/vc_column_text][\/vc_column][\/vc_row][vc_row full_width=&#8220;stretch_row_content&#8220; equal_height=&#8220;yes&#8220; css=&#8220;.vc_custom_1455109107073{margin-bottom: 0px !important;}&#8220;][vc_column css=&#8220;.vc_custom_1705928455436{margin-bottom: -8px !important;padding-right: 0px !important;padding-left: 0px !important;}&#8220; el_class=&#8220;mittig&#8220;][vc_column_text]<\/p>\n<div class=\"page-title-title\">\n<div class=\"title-h1\" style=\"text-align: center;\"><span style=\"color: #ffffff;\"><span class=\"light\">PATTERNS (2024) Trailer<\/span>\u00a0<\/span><\/div>\n<\/div>\n<p>[\/vc_column_text][vc_column_text css=&#8220;.vc_custom_1705928563581{padding-right: 21px !important;padding-left: 21px !important;}&#8220;]<\/p>\n<div style=\"text-align: center;\">Ein aufmerksamer Reisender, der auf seinem w\u00f6chentlichen Weg von einer Flut von aufdringlichen Begegnungen heimgesucht wird, k\u00e4mpft darum, die positive Einstellung aufrechtzuerhalten, die ihn vor dem st\u00e4ndig lauernden Grauen sch\u00fctzt.<\/div>\n<div style=\"text-align: center;\"><\/div>\n<p>[\/vc_column_text]<div class=\"gem-vimeo gem-wrapbox gem-wrapbox-style-no-style rounded-corners gem-wrapbox-position-below\" style=\"width: 100%;\"><div class=\"gem-wrapbox-inner gem-ratio-style\" style=\"padding-top: 43.75%\"><iframe class=\"gem-wrapbox-element img-responsive\" frameborder=\"0\" scrolling=\"no\" marginheight=\"0\" marginwidth=\"0\" src=\"\/\/player.vimeo.com\/video\/901883349?title=0&amp;byline=0&amp;portrait=0\"><\/iframe><\/div><\/div>[\/vc_column][\/vc_row][vc_row full_width=&#8220;stretch_row_content&#8220; equal_height=&#8220;yes&#8220; css=&#8220;.vc_custom_1455109107073{margin-bottom: 0px !important;}&#8220;][vc_column css=&#8220;.vc_custom_1594280193258{margin-bottom: -8px !important;padding-right: 0px !important;padding-left: 0px !important;}&#8220; el_class=&#8220;kurzfilm_mittig&#8220;][vc_column_text]<\/p>\n<div class=\"page-title-title\">\n<div class=\"title-h1\" style=\"text-align: center;\"><span style=\"color: #ffffff;\"><span class=\"light\">Color to the Sunset Sky (2021)<\/span>\u00a0<\/span><\/div>\n<\/div>\n<p>[\/vc_column_text][vc_column_text css=&#8220;.vc_custom_1625745441623{padding-right: 21px !important;padding-left: 21px !important;}&#8220;]<\/p>\n<div style=\"text-align: center;\">Normalerweise gibt es f\u00fcr Regentropfen kein h\u00f6heres Ziel als das Herunterspringen von Wolken.<\/div>\n<div style=\"text-align: center;\"><\/div>\n<p>[\/vc_column_text]<div class=\"gem-vimeo gem-wrapbox gem-wrapbox-style-no-style rounded-corners gem-wrapbox-position-below\" style=\"width: 100%;\"><div class=\"gem-wrapbox-inner gem-ratio-style\" style=\"padding-top: 43.75%\"><iframe class=\"gem-wrapbox-element img-responsive\" frameborder=\"0\" scrolling=\"no\" marginheight=\"0\" marginwidth=\"0\" src=\"\/\/player.vimeo.com\/video\/572509005?title=0&amp;byline=0&amp;portrait=0\"><\/iframe><\/div><\/div>[\/vc_column][\/vc_row][vc_row full_width=&#8220;stretch_row_content&#8220; equal_height=&#8220;yes&#8220; css=&#8220;.vc_custom_1455109107073{margin-bottom: 0px !important;}&#8220;][vc_column css=&#8220;.vc_custom_1594280193258{margin-bottom: -8px !important;padding-right: 0px !important;padding-left: 0px !important;}&#8220; el_class=&#8220;kurzfilm_mittig&#8220;][vc_column_text]<\/p>\n<div class=\"page-title-title\">\n<div class=\"title-h1\" style=\"text-align: center;\"><span style=\"color: #ffffff;\"><span class=\"light\">Armor Man (2020)<\/span>\u00a0<\/span><\/div>\n<\/div>\n<p>[\/vc_column_text][vc_column_text css=&#8220;.vc_custom_1605447351396{padding-right: 21px !important;padding-left: 21px !important;}&#8220;]<\/p>\n<div style=\"text-align: center;\">Nachdem Armor Man die Zerst\u00f6rung seines Heimatplaneten bezeugen muss, findet er Zuflucht in den Sternen.<\/div>\n<div style=\"text-align: center;\"><\/div>\n<p>[\/vc_column_text]<div class=\"gem-vimeo gem-wrapbox gem-wrapbox-style-no-style rounded-corners gem-wrapbox-position-below\" style=\"width: 100%;\"><div class=\"gem-wrapbox-inner gem-ratio-style\" style=\"padding-top: 43.75%\"><iframe class=\"gem-wrapbox-element img-responsive\" frameborder=\"0\" scrolling=\"no\" marginheight=\"0\" marginwidth=\"0\" src=\"\/\/player.vimeo.com\/video\/466902644?title=0&amp;byline=0&amp;portrait=0\"><\/iframe><\/div><\/div>[\/vc_column][\/vc_row][vc_row full_width=&#8220;stretch_row_content&#8220; equal_height=&#8220;yes&#8220; css=&#8220;.vc_custom_1455109107073{margin-bottom: 0px !important;}&#8220;][vc_column css=&#8220;.vc_custom_1594280193258{margin-bottom: -8px !important;padding-right: 0px !important;padding-left: 0px !important;}&#8220; el_class=&#8220;kurzfilm_mittig&#8220;][vc_column_text]<\/p>\n<div class=\"page-title-title\">\n<div class=\"title-h1\" style=\"text-align: center;\"><span style=\"color: #ffffff;\"><span class=\"light\">The Risk not Taken (2011)<\/span>\u00a0<\/span><\/div>\n<\/div>\n<p>[\/vc_column_text][vc_column_text css=&#8220;.vc_custom_1605459284038{padding-right: 21px !important;padding-left: 21px !important;}&#8220;]<\/p>\n<div style=\"text-align: center;\">In einer fremden aber wunderbaren Welt durchlebt ein Wesen gedanklich die fatalen Folgen einer potenziellen Entscheidung und erh\u00e4lt dadurch die M\u00f6glichkeit die Zukunft zu ver\u00e4ndern.<\/div>\n<p>[\/vc_column_text]<div class=\"gem-vimeo gem-wrapbox gem-wrapbox-style-no-style rounded-corners gem-wrapbox-position-below\" style=\"width: 100%;\"><div class=\"gem-wrapbox-inner gem-ratio-style\" style=\"padding-top: 43.75%\"><iframe class=\"gem-wrapbox-element img-responsive\" frameborder=\"0\" scrolling=\"no\" marginheight=\"0\" marginwidth=\"0\" src=\"\/\/player.vimeo.com\/video\/29367075?title=0&amp;byline=0&amp;portrait=0\"><\/iframe><\/div><\/div>[\/vc_column][\/vc_row][vc_row full_width=&#8220;stretch_row_content&#8220; equal_height=&#8220;yes&#8220; css=&#8220;.vc_custom_1455109107073{margin-bottom: 0px !important;}&#8220;][vc_column css=&#8220;.vc_custom_1594280193258{margin-bottom: -8px !important;padding-right: 0px !important;padding-left: 0px !important;}&#8220; el_class=&#8220;kurzfilm_mittig&#8220;][vc_column_text]<\/p>\n<div class=\"page-title-title\">\n<div class=\"title-h1\" style=\"text-align: center;\"><span style=\"color: #ffffff;\"><span class=\"light\">In-Between Ends (2010)<\/span>\u00a0<\/span><\/div>\n<\/div>\n<p>[\/vc_column_text][vc_column_text css=&#8220;.vc_custom_1502530427044{padding-right: 21px !important;padding-left: 21px !important;}&#8220;]<\/p>\n<div style=\"text-align: center;\">&#8222;In-Between Ends&#8220; erz\u00e4hlt die Geschichte einer Seele, welche, in einer simplen aber wundersch\u00f6nen Welt, die Bedeutung ihrer Existenz sucht.<\/div>\n<p>[\/vc_column_text]<div class=\"gem-vimeo gem-wrapbox gem-wrapbox-style-no-style rounded-corners gem-wrapbox-position-below\" style=\"width: 100%;\"><div class=\"gem-wrapbox-inner gem-ratio-style\" style=\"padding-top: 43.75%\"><iframe class=\"gem-wrapbox-element img-responsive\" frameborder=\"0\" scrolling=\"no\" marginheight=\"0\" marginwidth=\"0\" src=\"\/\/player.vimeo.com\/video\/9786621?title=0&amp;byline=0&amp;portrait=0\"><\/iframe><\/div><\/div>[\/vc_column][\/vc_row][vc_row full_width=&#8220;stretch_row_content&#8220; equal_height=&#8220;yes&#8220; css=&#8220;.vc_custom_1455109115287{margin-bottom: 0px !important;}&#8220;][vc_column css=&#8220;.vc_custom_1594280198937{margin-bottom: -8px !important;padding-right: 0px !important;padding-left: 0px !important;}&#8220; el_class=&#8220;kurzfilm_unten&#8220;][vc_column_text]<\/p>\n<div class=\"page-title-title\">\n<div class=\"title-h1\" style=\"text-align: center;\"><span style=\"color: #ffffff;\"><span class=\"light\">Evolution (2009)<\/span>\u00a0<\/span><\/div>\n<\/div>\n<p>[\/vc_column_text][vc_column_text css=&#8220;.vc_custom_1502530510092{padding-right: 21px !important;padding-left: 21px !important;}&#8220;]<\/p>\n<div style=\"text-align: center;\">In diesem animierten Kurzfilm beschreitet eine einfache Lebensform den Pfad der Evolution, nur um herauszufinden, dass manchmal Opfer gebracht m\u00fcssen um den Fortbestand sichern zu k\u00f6nnen.<\/div>\n<p>[\/vc_column_text]<div class=\"gem-vimeo gem-wrapbox gem-wrapbox-style-no-style rounded-corners gem-wrapbox-position-below\" style=\"width: 100%;\"><div class=\"gem-wrapbox-inner gem-ratio-style\" style=\"padding-top: 56.25%\"><iframe class=\"gem-wrapbox-element img-responsive\" frameborder=\"0\" scrolling=\"no\" marginheight=\"0\" marginwidth=\"0\" src=\"\/\/player.vimeo.com\/video\/6568699?title=0&amp;byline=0&amp;portrait=0\"><\/iframe><\/div><\/div><div class=\"clearboth\"><\/div><div class=\"gem-divider \" style=\"margin-bottom: 42px;border-color: rgba(0,0,0,0.01);\"><\/div>[\/vc_column][\/vc_row][vc_row][vc_column][\/vc_column][\/vc_row]<\/p>","protected":false},"excerpt":{"rendered":"<p>[vc_row full_width=&#8220;stretch_row_content&#8220; equal_height=&#8220;yes&#8220; css=&#8220;.vc_custom_1455109115287{margin-bottom: 0px !important;}&#8220;][vc_column][vc_column_text] Nebst Auftragsarbeiten aus der Industrie, erstelle ich in meiner Freizeit 3D-Animierten Kurzfilme. Diese eignen&#8230;<\/p>\n","protected":false},"author":1,"featured_media":0,"parent":0,"menu_order":0,"comment_status":"closed","ping_status":"closed","template":"","meta":{"footnotes":""},"aioseo_notices":[],"_links":{"self":[{"href":"https:\/\/www.alexglawion.com\/de\/wp-json\/wp\/v2\/pages\/4651"}],"collection":[{"href":"https:\/\/www.alexglawion.com\/de\/wp-json\/wp\/v2\/pages"}],"about":[{"href":"https:\/\/www.alexglawion.com\/de\/wp-json\/wp\/v2\/types\/page"}],"author":[{"embeddable":true,"href":"https:\/\/www.alexglawion.com\/de\/wp-json\/wp\/v2\/users\/1"}],"replies":[{"embeddable":true,"href":"https:\/\/www.alexglawion.com\/de\/wp-json\/wp\/v2\/comments?post=4651"}],"version-history":[{"count":58,"href":"https:\/\/www.alexglawion.com\/de\/wp-json\/wp\/v2\/pages\/4651\/revisions"}],"predecessor-version":[{"id":29443,"href":"https:\/\/www.alexglawion.com\/de\/wp-json\/wp\/v2\/pages\/4651\/revisions\/29443"}],"wp:attachment":[{"href":"https:\/\/www.alexglawion.com\/de\/wp-json\/wp\/v2\/media?parent=4651"}],"curies":[{"name":"wp","href":"https:\/\/api.w.org\/{rel}","templated":true}]}}