{"id":28846,"date":"2017-08-20T10:56:27","date_gmt":"2017-08-20T08:56:27","guid":{"rendered":"http:\/\/www.alexglawion.com\/?page_id=28846"},"modified":"2024-01-22T14:05:29","modified_gmt":"2024-01-22T13:05:29","slug":"patterns-2024","status":"publish","type":"page","link":"https:\/\/www.alexglawion.com\/de\/patterns-2024\/","title":{"rendered":"PATTERNS (2024)"},"content":{"rendered":"<p>[vc_row][vc_column]<div class=\"gem-vimeo gem-wrapbox gem-wrapbox-style-no-style rounded-corners gem-wrapbox-position-below\" style=\"width: 100%;\"><div class=\"gem-wrapbox-inner gem-ratio-style\" style=\"padding-top: 43.75%\"><iframe class=\"gem-wrapbox-element img-responsive\" frameborder=\"0\" scrolling=\"no\" marginheight=\"0\" marginwidth=\"0\" src=\"\/\/player.vimeo.com\/video\/901883349?title=0&amp;byline=0&amp;portrait=0\"><\/iframe><\/div><\/div>[\/vc_column][\/vc_row][vc_row][vc_column width=&#8220;1\/2&#8243;][vc_column_text]<\/p>\n<div class=\"title-h4\"><span class=\"light\" style=\"color: #fff;\">BESCHREIBUNG<\/span><\/div>\n<p>[\/vc_column_text][vc_column_text]Ein aufmerksamer Reisender wird auf seinem w\u00f6chentlichen Weg von einer Flut aufdringlicher Begegnungen heimgesucht und k\u00e4mpft darum, die positive Einstellung aufrechtzuerhalten, die ihn vor dem st\u00e4ndig lauernden Grauen bewahrt.<\/p>\n<p>Webseite des Films: <a href=\"https:\/\/patterns-film.com\">patterns-film.com<\/a>[\/vc_column_text][\/vc_column][vc_column width=&#8220;1\/2&#8243;]<\/p>\n<div class=\"gem-list gem-list-type-plus gem-list-color-2\">\n<ul>\n<li>Originaltitel: PATTERNS<\/li>\n<li>Produktionsjahr: 2024<\/li>\n<li>Ursprungsland: Deutschland<\/li>\n<li>Laufzeit: 07:56<\/li>\n<li>Sprache: Stummfilm<\/li>\n<li>Animationstechnik: CG animation<\/li>\n<li>Genutzte Software: Cinema 4D, After Effects, Premiere Pro<\/li>\n<li>Genres: Kom\u00f6die, Drama<\/li>\n<li>Format: DCP, MOV (ProRes), MP4<\/li>\n<li>Bildrate: 25 fps<\/li>\n<li>Bildverh\u00e4ltnis: 2.35:1 (Scope)<\/li>\n<li>Farbe\/Schwarz-Weiss: Farbe<\/li>\n<li>Sound: Stereo, 5.1<\/li>\n<\/ul>\n<\/div>\n<p>[\/vc_column][\/vc_row][vc_row][vc_column]<div class=\"centered-box gem-image-centered-box\"><div class=\"gem-image gem-wrapbox gem-wrapbox-style-default gem-wrapbox-position-centered\" style=\"\"><div class=\"gem-wrapbox-inner \" ><img decoding=\"async\" class=\"gem-wrapbox-element img-responsive\" src=\"https:\/\/mlfz6zyzjjed.i.optimole.com\/cb:phpr.6689b\/w:auto\/h:auto\/q:100\/f:best\/https:\/\/www.alexglawion.com\/wp-content\/uploads\/2024\/01\/PATTERNS-2.35-1-logo-shots_2.jpg\" alt=\"\"\/><\/div><\/div><\/div><div class=\"preloader\"><div class=\"preloader-spin\"><\/div><\/div> <div class=\"gallery-preloader-wrapper\"> <div class=\"row\" style=\"margin-top: -7.5px\" > <div class=\"without-padding metro-item-style-default gallery-style-metro gem-gallery-grid metro col-lg-12 col-md-12 col-sm-12 columns-2 hover-default item-animation-move-up \" data-hover=\"default\"> <ul style=\"margin-left: -7.5px; margin-right: -7.5px;\" class=\"gallery-set clearfix\" data-max-row-height=\"380\"> <li style=\"padding: 7.5px\" class=\"gallery-item item-animations-not-inited post-28846 page type-page status-publish hentry\"> <div class=\"wrap gem-wrapbox-style-default\"> <div class=\"overlay-wrap\"> <div class=\"image-wrap \"> <img decoding=\"async\" src=\"https:\/\/mlfz6zyzjjed.i.optimole.com\/cb:phpr.6689b\/w:auto\/h:auto\/q:100\/f:best\/https:\/\/www.alexglawion.com\/wp-content\/uploads\/2024\/01\/PATTERNS_still_1-thegem-gallery-metro.jpg\" width=\"1881\" height=\"800\" alt=\"\"> <\/div> <div class=\"overlay \"> <div class=\"overlay-circle\"><\/div> <a href=\"https:\/\/mlfz6zyzjjed.i.optimole.com\/cb:phpr.6689b\/w:1920\/h:816\/q:100\/f:best\/https:\/\/www.alexglawion.com\/wp-content\/uploads\/2024\/01\/PATTERNS_still_1.jpg\" class=\"gallery-item-link fancy-gallery\" rel=\"gallery-69d5f82cc9eb7\"> <span class=\"slide-info\"> <\/span> <\/a> <div class=\"overlay-content\"> <div class=\"overlay-content-center\"> <div class=\"overlay-content-inner\"> <a href=\"https:\/\/mlfz6zyzjjed.i.optimole.com\/cb:phpr.6689b\/w:1920\/h:816\/q:100\/f:best\/https:\/\/www.alexglawion.com\/wp-content\/uploads\/2024\/01\/PATTERNS_still_1.jpg\" class=\"icon photo \" > <\/a> <div class=\"overlay-line\"><\/div> <\/div> <\/div> <\/div> <\/div> <\/div> <\/div> <\/li> <li style=\"padding: 7.5px\" class=\"gallery-item item-animations-not-inited post-28846 page type-page status-publish hentry\"> <div class=\"wrap gem-wrapbox-style-default\"> <div class=\"overlay-wrap\"> <div class=\"image-wrap \"> <img decoding=\"async\" src=\"https:\/\/mlfz6zyzjjed.i.optimole.com\/cb:phpr.6689b\/w:auto\/h:auto\/q:100\/f:best\/https:\/\/www.alexglawion.com\/wp-content\/uploads\/2024\/01\/PATTERNS_still_13-thegem-gallery-metro.jpg\" width=\"1881\" height=\"800\" alt=\"\"> <\/div> <div class=\"overlay \"> <div class=\"overlay-circle\"><\/div> <a href=\"https:\/\/mlfz6zyzjjed.i.optimole.com\/cb:phpr.6689b\/w:1920\/h:816\/q:100\/f:best\/https:\/\/www.alexglawion.com\/wp-content\/uploads\/2024\/01\/PATTERNS_still_13.jpg\" class=\"gallery-item-link fancy-gallery\" rel=\"gallery-69d5f82cc9eb7\"> <span class=\"slide-info\"> <\/span> <\/a> <div class=\"overlay-content\"> <div class=\"overlay-content-center\"> <div class=\"overlay-content-inner\"> <a href=\"https:\/\/mlfz6zyzjjed.i.optimole.com\/cb:phpr.6689b\/w:1920\/h:816\/q:100\/f:best\/https:\/\/www.alexglawion.com\/wp-content\/uploads\/2024\/01\/PATTERNS_still_13.jpg\" class=\"icon photo \" > <\/a> <div class=\"overlay-line\"><\/div> <\/div> <\/div> <\/div> <\/div> <\/div> <\/div> <\/li> <li style=\"padding: 7.5px\" class=\"gallery-item item-animations-not-inited post-28846 page type-page status-publish hentry\"> <div class=\"wrap gem-wrapbox-style-default\"> <div class=\"overlay-wrap\"> <div class=\"image-wrap \"> <img decoding=\"async\" src=\"https:\/\/mlfz6zyzjjed.i.optimole.com\/cb:phpr.6689b\/w:auto\/h:auto\/q:100\/f:best\/https:\/\/www.alexglawion.com\/wp-content\/uploads\/2024\/01\/PATTERNS_still_11-thegem-gallery-metro.jpg\" width=\"1881\" height=\"800\" alt=\"\"> <\/div> <div class=\"overlay \"> <div class=\"overlay-circle\"><\/div> <a href=\"https:\/\/mlfz6zyzjjed.i.optimole.com\/cb:phpr.6689b\/w:1920\/h:816\/q:100\/f:best\/https:\/\/www.alexglawion.com\/wp-content\/uploads\/2024\/01\/PATTERNS_still_11.jpg\" class=\"gallery-item-link fancy-gallery\" rel=\"gallery-69d5f82cc9eb7\"> <span class=\"slide-info\"> <\/span> <\/a> <div class=\"overlay-content\"> <div class=\"overlay-content-center\"> <div class=\"overlay-content-inner\"> <a href=\"https:\/\/mlfz6zyzjjed.i.optimole.com\/cb:phpr.6689b\/w:1920\/h:816\/q:100\/f:best\/https:\/\/www.alexglawion.com\/wp-content\/uploads\/2024\/01\/PATTERNS_still_11.jpg\" class=\"icon photo \" > <\/a> <div class=\"overlay-line\"><\/div> <\/div> <\/div> <\/div> <\/div> <\/div> <\/div> <\/li> <li style=\"padding: 7.5px\" class=\"gallery-item item-animations-not-inited post-28846 page type-page status-publish hentry\"> <div class=\"wrap gem-wrapbox-style-default\"> <div class=\"overlay-wrap\"> <div class=\"image-wrap \"> <img decoding=\"async\" src=\"https:\/\/mlfz6zyzjjed.i.optimole.com\/cb:phpr.6689b\/w:auto\/h:auto\/q:100\/f:best\/https:\/\/www.alexglawion.com\/wp-content\/uploads\/2024\/01\/PATTERNS_still_12-thegem-gallery-metro.jpg\" width=\"1881\" height=\"800\" alt=\"\"> <\/div> <div class=\"overlay \"> <div class=\"overlay-circle\"><\/div> <a href=\"https:\/\/mlfz6zyzjjed.i.optimole.com\/cb:phpr.6689b\/w:1920\/h:816\/q:100\/f:best\/https:\/\/www.alexglawion.com\/wp-content\/uploads\/2024\/01\/PATTERNS_still_12.jpg\" class=\"gallery-item-link fancy-gallery\" rel=\"gallery-69d5f82cc9eb7\"> <span class=\"slide-info\"> <\/span> <\/a> <div class=\"overlay-content\"> <div class=\"overlay-content-center\"> <div class=\"overlay-content-inner\"> <a href=\"https:\/\/mlfz6zyzjjed.i.optimole.com\/cb:phpr.6689b\/w:1920\/h:816\/q:100\/f:best\/https:\/\/www.alexglawion.com\/wp-content\/uploads\/2024\/01\/PATTERNS_still_12.jpg\" class=\"icon photo \" > <\/a> <div class=\"overlay-line\"><\/div> <\/div> <\/div> <\/div> <\/div> <\/div> <\/div> <\/li> <li style=\"padding: 7.5px\" class=\"gallery-item item-animations-not-inited post-28846 page type-page status-publish hentry\"> <div class=\"wrap gem-wrapbox-style-default\"> <div class=\"overlay-wrap\"> <div class=\"image-wrap \"> <img decoding=\"async\" src=\"https:\/\/mlfz6zyzjjed.i.optimole.com\/cb:phpr.6689b\/w:auto\/h:auto\/q:100\/f:best\/https:\/\/www.alexglawion.com\/wp-content\/uploads\/2024\/01\/PATTERNS_still_10-thegem-gallery-metro.jpg\" width=\"1881\" height=\"800\" alt=\"\"> <\/div> <div class=\"overlay \"> <div class=\"overlay-circle\"><\/div> <a href=\"https:\/\/mlfz6zyzjjed.i.optimole.com\/cb:phpr.6689b\/w:1920\/h:816\/q:100\/f:best\/https:\/\/www.alexglawion.com\/wp-content\/uploads\/2024\/01\/PATTERNS_still_10.jpg\" class=\"gallery-item-link fancy-gallery\" rel=\"gallery-69d5f82cc9eb7\"> <span class=\"slide-info\"> <\/span> <\/a> <div class=\"overlay-content\"> <div class=\"overlay-content-center\"> <div class=\"overlay-content-inner\"> <a href=\"https:\/\/mlfz6zyzjjed.i.optimole.com\/cb:phpr.6689b\/w:1920\/h:816\/q:100\/f:best\/https:\/\/www.alexglawion.com\/wp-content\/uploads\/2024\/01\/PATTERNS_still_10.jpg\" class=\"icon photo \" > <\/a> <div class=\"overlay-line\"><\/div> <\/div> <\/div> <\/div> <\/div> <\/div> <\/div> <\/li> <li style=\"padding: 7.5px\" class=\"gallery-item item-animations-not-inited post-28846 page type-page status-publish hentry\"> <div class=\"wrap gem-wrapbox-style-default\"> <div class=\"overlay-wrap\"> <div class=\"image-wrap \"> <img decoding=\"async\" src=\"https:\/\/mlfz6zyzjjed.i.optimole.com\/cb:phpr.6689b\/w:auto\/h:auto\/q:100\/f:best\/https:\/\/www.alexglawion.com\/wp-content\/uploads\/2024\/01\/PATTERNS_still_9-thegem-gallery-metro.jpg\" width=\"1881\" height=\"800\" alt=\"\"> <\/div> <div class=\"overlay \"> <div class=\"overlay-circle\"><\/div> <a href=\"https:\/\/mlfz6zyzjjed.i.optimole.com\/cb:phpr.6689b\/w:1920\/h:816\/q:100\/f:best\/https:\/\/www.alexglawion.com\/wp-content\/uploads\/2024\/01\/PATTERNS_still_9.jpg\" class=\"gallery-item-link fancy-gallery\" rel=\"gallery-69d5f82cc9eb7\"> <span class=\"slide-info\"> <\/span> <\/a> <div class=\"overlay-content\"> <div class=\"overlay-content-center\"> <div class=\"overlay-content-inner\"> <a href=\"https:\/\/mlfz6zyzjjed.i.optimole.com\/cb:phpr.6689b\/w:1920\/h:816\/q:100\/f:best\/https:\/\/www.alexglawion.com\/wp-content\/uploads\/2024\/01\/PATTERNS_still_9.jpg\" class=\"icon photo \" > <\/a> <div class=\"overlay-line\"><\/div> <\/div> <\/div> <\/div> <\/div> <\/div> <\/div> <\/li> <li style=\"padding: 7.5px\" class=\"gallery-item item-animations-not-inited post-28846 page type-page status-publish hentry\"> <div class=\"wrap gem-wrapbox-style-default\"> <div class=\"overlay-wrap\"> <div class=\"image-wrap \"> <img decoding=\"async\" src=\"https:\/\/mlfz6zyzjjed.i.optimole.com\/cb:phpr.6689b\/w:auto\/h:auto\/q:100\/f:best\/https:\/\/www.alexglawion.com\/wp-content\/uploads\/2024\/01\/PATTERNS_still_8-thegem-gallery-metro.jpg\" width=\"1881\" height=\"800\" alt=\"\"> <\/div> <div class=\"overlay \"> <div class=\"overlay-circle\"><\/div> <a href=\"https:\/\/mlfz6zyzjjed.i.optimole.com\/cb:phpr.6689b\/w:1920\/h:816\/q:100\/f:best\/https:\/\/www.alexglawion.com\/wp-content\/uploads\/2024\/01\/PATTERNS_still_8.jpg\" class=\"gallery-item-link fancy-gallery\" rel=\"gallery-69d5f82cc9eb7\"> <span class=\"slide-info\"> <\/span> <\/a> <div class=\"overlay-content\"> <div class=\"overlay-content-center\"> <div class=\"overlay-content-inner\"> <a href=\"https:\/\/mlfz6zyzjjed.i.optimole.com\/cb:phpr.6689b\/w:1920\/h:816\/q:100\/f:best\/https:\/\/www.alexglawion.com\/wp-content\/uploads\/2024\/01\/PATTERNS_still_8.jpg\" class=\"icon photo \" > <\/a> <div class=\"overlay-line\"><\/div> <\/div> <\/div> <\/div> <\/div> <\/div> <\/div> <\/li> <li style=\"padding: 7.5px\" class=\"gallery-item item-animations-not-inited post-28846 page type-page status-publish hentry\"> <div class=\"wrap gem-wrapbox-style-default\"> <div class=\"overlay-wrap\"> <div class=\"image-wrap \"> <img decoding=\"async\" src=\"https:\/\/mlfz6zyzjjed.i.optimole.com\/cb:phpr.6689b\/w:auto\/h:auto\/q:100\/f:best\/https:\/\/www.alexglawion.com\/wp-content\/uploads\/2024\/01\/PATTERNS_still_7-thegem-gallery-metro.jpg\" width=\"1881\" height=\"800\" alt=\"\"> <\/div> <div class=\"overlay \"> <div class=\"overlay-circle\"><\/div> <a href=\"https:\/\/mlfz6zyzjjed.i.optimole.com\/cb:phpr.6689b\/w:1920\/h:816\/q:100\/f:best\/https:\/\/www.alexglawion.com\/wp-content\/uploads\/2024\/01\/PATTERNS_still_7.jpg\" class=\"gallery-item-link fancy-gallery\" rel=\"gallery-69d5f82cc9eb7\"> <span class=\"slide-info\"> <\/span> <\/a> <div class=\"overlay-content\"> <div class=\"overlay-content-center\"> <div class=\"overlay-content-inner\"> <a href=\"https:\/\/mlfz6zyzjjed.i.optimole.com\/cb:phpr.6689b\/w:1920\/h:816\/q:100\/f:best\/https:\/\/www.alexglawion.com\/wp-content\/uploads\/2024\/01\/PATTERNS_still_7.jpg\" class=\"icon photo \" > <\/a> <div class=\"overlay-line\"><\/div> <\/div> <\/div> <\/div> <\/div> <\/div> <\/div> <\/li> <li style=\"padding: 7.5px\" class=\"gallery-item item-animations-not-inited post-28846 page type-page status-publish hentry\"> <div class=\"wrap gem-wrapbox-style-default\"> <div class=\"overlay-wrap\"> <div class=\"image-wrap \"> <img decoding=\"async\" src=\"https:\/\/mlfz6zyzjjed.i.optimole.com\/cb:phpr.6689b\/w:auto\/h:auto\/q:100\/f:best\/https:\/\/www.alexglawion.com\/wp-content\/uploads\/2024\/01\/PATTERNS_still_6-thegem-gallery-metro.jpg\" width=\"1881\" height=\"800\" alt=\"\"> <\/div> <div class=\"overlay \"> <div class=\"overlay-circle\"><\/div> <a href=\"https:\/\/mlfz6zyzjjed.i.optimole.com\/cb:phpr.6689b\/w:1920\/h:816\/q:100\/f:best\/https:\/\/www.alexglawion.com\/wp-content\/uploads\/2024\/01\/PATTERNS_still_6.jpg\" class=\"gallery-item-link fancy-gallery\" rel=\"gallery-69d5f82cc9eb7\"> <span class=\"slide-info\"> <\/span> <\/a> <div class=\"overlay-content\"> <div class=\"overlay-content-center\"> <div class=\"overlay-content-inner\"> <a href=\"https:\/\/mlfz6zyzjjed.i.optimole.com\/cb:phpr.6689b\/w:1920\/h:816\/q:100\/f:best\/https:\/\/www.alexglawion.com\/wp-content\/uploads\/2024\/01\/PATTERNS_still_6.jpg\" class=\"icon photo \" > <\/a> <div class=\"overlay-line\"><\/div> <\/div> <\/div> <\/div> <\/div> <\/div> <\/div> <\/li> <li style=\"padding: 7.5px\" class=\"gallery-item item-animations-not-inited post-28846 page type-page status-publish hentry\"> <div class=\"wrap gem-wrapbox-style-default\"> <div class=\"overlay-wrap\"> <div class=\"image-wrap \"> <img decoding=\"async\" src=\"https:\/\/mlfz6zyzjjed.i.optimole.com\/cb:phpr.6689b\/w:auto\/h:auto\/q:100\/f:best\/https:\/\/www.alexglawion.com\/wp-content\/uploads\/2024\/01\/PATTERNS_still_5-thegem-gallery-metro.jpg\" width=\"1881\" height=\"800\" alt=\"\"> <\/div> <div class=\"overlay \"> <div class=\"overlay-circle\"><\/div> <a href=\"https:\/\/mlfz6zyzjjed.i.optimole.com\/cb:phpr.6689b\/w:1920\/h:816\/q:100\/f:best\/https:\/\/www.alexglawion.com\/wp-content\/uploads\/2024\/01\/PATTERNS_still_5.jpg\" class=\"gallery-item-link fancy-gallery\" rel=\"gallery-69d5f82cc9eb7\"> <span class=\"slide-info\"> <\/span> <\/a> <div class=\"overlay-content\"> <div class=\"overlay-content-center\"> <div class=\"overlay-content-inner\"> <a href=\"https:\/\/mlfz6zyzjjed.i.optimole.com\/cb:phpr.6689b\/w:1920\/h:816\/q:100\/f:best\/https:\/\/www.alexglawion.com\/wp-content\/uploads\/2024\/01\/PATTERNS_still_5.jpg\" class=\"icon photo \" > <\/a> <div class=\"overlay-line\"><\/div> <\/div> <\/div> <\/div> <\/div> <\/div> <\/div> <\/li> <li style=\"padding: 7.5px\" class=\"gallery-item item-animations-not-inited post-28846 page type-page status-publish hentry\"> <div class=\"wrap gem-wrapbox-style-default\"> <div class=\"overlay-wrap\"> <div class=\"image-wrap \"> <img decoding=\"async\" src=\"https:\/\/mlfz6zyzjjed.i.optimole.com\/cb:phpr.6689b\/w:auto\/h:auto\/q:100\/f:best\/https:\/\/www.alexglawion.com\/wp-content\/uploads\/2024\/01\/PATTERNS_still_4-thegem-gallery-metro.jpg\" width=\"1881\" height=\"800\" alt=\"\"> <\/div> <div class=\"overlay \"> <div class=\"overlay-circle\"><\/div> <a href=\"https:\/\/mlfz6zyzjjed.i.optimole.com\/cb:phpr.6689b\/w:1920\/h:816\/q:100\/f:best\/https:\/\/www.alexglawion.com\/wp-content\/uploads\/2024\/01\/PATTERNS_still_4.jpg\" class=\"gallery-item-link fancy-gallery\" rel=\"gallery-69d5f82cc9eb7\"> <span class=\"slide-info\"> <\/span> <\/a> <div class=\"overlay-content\"> <div class=\"overlay-content-center\"> <div class=\"overlay-content-inner\"> <a href=\"https:\/\/mlfz6zyzjjed.i.optimole.com\/cb:phpr.6689b\/w:1920\/h:816\/q:100\/f:best\/https:\/\/www.alexglawion.com\/wp-content\/uploads\/2024\/01\/PATTERNS_still_4.jpg\" class=\"icon photo \" > <\/a> <div class=\"overlay-line\"><\/div> <\/div> <\/div> <\/div> <\/div> <\/div> <\/div> <\/li> <li style=\"padding: 7.5px\" class=\"gallery-item item-animations-not-inited post-28846 page type-page status-publish hentry\"> <div class=\"wrap gem-wrapbox-style-default\"> <div class=\"overlay-wrap\"> <div class=\"image-wrap \"> <img decoding=\"async\" src=\"https:\/\/mlfz6zyzjjed.i.optimole.com\/cb:phpr.6689b\/w:auto\/h:auto\/q:100\/f:best\/https:\/\/www.alexglawion.com\/wp-content\/uploads\/2024\/01\/PATTERNS_still_3-thegem-gallery-metro.jpg\" width=\"1881\" height=\"800\" alt=\"\"> <\/div> <div class=\"overlay \"> <div class=\"overlay-circle\"><\/div> <a href=\"https:\/\/mlfz6zyzjjed.i.optimole.com\/cb:phpr.6689b\/w:1920\/h:816\/q:100\/f:best\/https:\/\/www.alexglawion.com\/wp-content\/uploads\/2024\/01\/PATTERNS_still_3.jpg\" class=\"gallery-item-link fancy-gallery\" rel=\"gallery-69d5f82cc9eb7\"> <span class=\"slide-info\"> <\/span> <\/a> <div class=\"overlay-content\"> <div class=\"overlay-content-center\"> <div class=\"overlay-content-inner\"> <a href=\"https:\/\/mlfz6zyzjjed.i.optimole.com\/cb:phpr.6689b\/w:1920\/h:816\/q:100\/f:best\/https:\/\/www.alexglawion.com\/wp-content\/uploads\/2024\/01\/PATTERNS_still_3.jpg\" class=\"icon photo \" > <\/a> <div class=\"overlay-line\"><\/div> <\/div> <\/div> <\/div> <\/div> <\/div> <\/div> <\/li> <li style=\"padding: 7.5px\" class=\"gallery-item item-animations-not-inited post-28846 page type-page status-publish hentry\"> <div class=\"wrap gem-wrapbox-style-default\"> <div class=\"overlay-wrap\"> <div class=\"image-wrap \"> <img decoding=\"async\" src=\"https:\/\/mlfz6zyzjjed.i.optimole.com\/cb:phpr.6689b\/w:auto\/h:auto\/q:100\/f:best\/https:\/\/www.alexglawion.com\/wp-content\/uploads\/2024\/01\/PATTERNS_still_2-thegem-gallery-metro.jpg\" width=\"1881\" height=\"800\" alt=\"\"> <\/div> <div class=\"overlay \"> <div class=\"overlay-circle\"><\/div> <a href=\"https:\/\/mlfz6zyzjjed.i.optimole.com\/cb:phpr.6689b\/w:1920\/h:816\/q:100\/f:best\/https:\/\/www.alexglawion.com\/wp-content\/uploads\/2024\/01\/PATTERNS_still_2.jpg\" class=\"gallery-item-link fancy-gallery\" rel=\"gallery-69d5f82cc9eb7\"> <span class=\"slide-info\"> <\/span> <\/a> <div class=\"overlay-content\"> <div class=\"overlay-content-center\"> <div class=\"overlay-content-inner\"> <a href=\"https:\/\/mlfz6zyzjjed.i.optimole.com\/cb:phpr.6689b\/w:1920\/h:816\/q:100\/f:best\/https:\/\/www.alexglawion.com\/wp-content\/uploads\/2024\/01\/PATTERNS_still_2.jpg\" class=\"icon photo \" > <\/a> <div class=\"overlay-line\"><\/div> <\/div> <\/div> <\/div> <\/div> <\/div> <\/div> <\/li> <li style=\"padding: 7.5px\" class=\"gallery-item item-animations-not-inited post-28846 page type-page status-publish hentry\"> <div class=\"wrap gem-wrapbox-style-default\"> <div class=\"overlay-wrap\"> <div class=\"image-wrap \"> <img decoding=\"async\" src=\"https:\/\/mlfz6zyzjjed.i.optimole.com\/cb:phpr.6689b\/w:auto\/h:auto\/q:100\/f:best\/https:\/\/www.alexglawion.com\/wp-content\/uploads\/2024\/01\/PATTERNS-2.35-1-logo-shots_10-thegem-gallery-metro.jpg\" width=\"1882\" height=\"800\" alt=\"\"> <\/div> <div class=\"overlay \"> <div class=\"overlay-circle\"><\/div> <a href=\"https:\/\/mlfz6zyzjjed.i.optimole.com\/cb:phpr.6689b\/w:1920\/h:816\/q:100\/f:best\/https:\/\/www.alexglawion.com\/wp-content\/uploads\/2024\/01\/PATTERNS-2.35-1-logo-shots_10.jpg\" class=\"gallery-item-link fancy-gallery\" rel=\"gallery-69d5f82cc9eb7\"> <span class=\"slide-info\"> <\/span> <\/a> <div class=\"overlay-content\"> <div class=\"overlay-content-center\"> <div class=\"overlay-content-inner\"> <a href=\"https:\/\/mlfz6zyzjjed.i.optimole.com\/cb:phpr.6689b\/w:1920\/h:816\/q:100\/f:best\/https:\/\/www.alexglawion.com\/wp-content\/uploads\/2024\/01\/PATTERNS-2.35-1-logo-shots_10.jpg\" class=\"icon photo \" > <\/a> <div class=\"overlay-line\"><\/div> <\/div> <\/div> <\/div> <\/div> <\/div> <\/div> <\/li> <\/ul> <\/div> <\/div> <\/div>[\/vc_column][\/vc_row]<\/p>","protected":false},"excerpt":{"rendered":"<p>[vc_row][vc_column][\/vc_column][\/vc_row][vc_row][vc_column width=&#8220;1\/2&#8243;][vc_column_text] BESCHREIBUNG [\/vc_column_text][vc_column_text]Ein aufmerksamer Reisender wird auf seinem w\u00f6chentlichen Weg von einer Flut aufdringlicher Begegnungen heimgesucht und k\u00e4mpft darum,&#8230;<\/p>\n","protected":false},"author":1,"featured_media":0,"parent":0,"menu_order":0,"comment_status":"closed","ping_status":"closed","template":"","meta":{"footnotes":""},"aioseo_notices":[],"_links":{"self":[{"href":"https:\/\/www.alexglawion.com\/de\/wp-json\/wp\/v2\/pages\/28846"}],"collection":[{"href":"https:\/\/www.alexglawion.com\/de\/wp-json\/wp\/v2\/pages"}],"about":[{"href":"https:\/\/www.alexglawion.com\/de\/wp-json\/wp\/v2\/types\/page"}],"author":[{"embeddable":true,"href":"https:\/\/www.alexglawion.com\/de\/wp-json\/wp\/v2\/users\/1"}],"replies":[{"embeddable":true,"href":"https:\/\/www.alexglawion.com\/de\/wp-json\/wp\/v2\/comments?post=28846"}],"version-history":[{"count":8,"href":"https:\/\/www.alexglawion.com\/de\/wp-json\/wp\/v2\/pages\/28846\/revisions"}],"predecessor-version":[{"id":29446,"href":"https:\/\/www.alexglawion.com\/de\/wp-json\/wp\/v2\/pages\/28846\/revisions\/29446"}],"wp:attachment":[{"href":"https:\/\/www.alexglawion.com\/de\/wp-json\/wp\/v2\/media?parent=28846"}],"curies":[{"name":"wp","href":"https:\/\/api.w.org\/{rel}","templated":true}]}}